{"id":1001,"date":"2022-06-29T20:34:05","date_gmt":"2022-06-29T20:34:05","guid":{"rendered":"https:\/\/festive-keldysh.46-101-250-235.plesk.page\/?page_id=1001"},"modified":"2024-06-04T15:47:31","modified_gmt":"2024-06-04T15:47:31","slug":"contacto","status":"publish","type":"page","link":"https:\/\/chiringuitodegarraf.com\/ca\/contacte\/","title":{"rendered":"Contacte"},"content":{"rendered":"<div id=\"fws_69fbdd0328733\"  data-column-margin=\"default\" data-midnight=\"dark\"  class=\"wpb_row vc_row-fluid vc_row full-width-content vc_row-o-equal-height vc_row-flex vc_row-o-content-top  top_padding_tablet_25pct top_padding_phone_50px\"  style=\"padding-top: 50px; padding-bottom: 0px; \"><div class=\"row-bg-wrap\" data-bg-animation=\"none\" data-bg-overlay=\"false\"><div class=\"inner-wrap\"><div class=\"row-bg viewport-desktop\"  style=\"\"><\/div><\/div><\/div><div class=\"row_col_wrap_12 col span_12 dark left\">\n\t<div  class=\"vc_col-sm-12 wpb_column column_container vc_column_container col no-extra-padding el_spacing_0px inherit_tablet inherit_phone\"  data-padding-pos=\"top-bottom\" data-has-bg-color=\"false\" data-bg-color=\"\" data-bg-opacity=\"1\" data-animation=\"\" data-delay=\"0\" >\n\t\t<div class=\"vc_column-inner\" >\n\t\t\t<div class=\"wpb_wrapper\">\n\t\t\t\t<div id=\"fws_69fbdd0328ca0\" data-midnight=\"\" data-column-margin=\"none\" class=\"wpb_row vc_row-fluid vc_row inner_row  right_padding_8pct left_padding_8pct\"  style=\"\"><div class=\"row-bg-wrap\"> <div class=\"row-bg\" ><\/div> <\/div><div class=\"row_col_wrap_12_inner col span_12  left\">\n\t<div  class=\"vc_col-sm-12 wpb_column column_container vc_column_container col child_column no-extra-padding el_spacing_0px inherit_tablet inherit_phone\"   data-padding-pos=\"all\" data-has-bg-color=\"false\" data-bg-color=\"\" data-bg-opacity=\"1\" data-animation=\"\" data-delay=\"0\" >\n\t\t<div class=\"vc_column-inner\" >\n\t\t<div class=\"wpb_wrapper\">\n\t\t\t<div class=\"nectar-split-heading  font_size_tablet_13vw font_line_height_0-8\" data-align=\"center\" data-m-align=\"inherit\" data-text-effect=\"letter-reveal-bottom\" data-animation-type=\"line-reveal-by-space\" data-animation-delay=\"0\" data-animation-offset=\"\" data-m-rm-animation=\"true\" data-stagger=\"\" data-custom-font-size=\"true\" style=\"font-size: 7vw; line-height: 7.7vw;\"><h1 >CONTACTE<\/h1><\/div>\n\t\t<\/div> \n\t<\/div>\n\t<\/div> \n<\/div><\/div><div id=\"fws_69fbdd0329413\" data-midnight=\"\" data-column-margin=\"default\" class=\"wpb_row vc_row-fluid vc_row inner_row\"  style=\"padding-top: 3%; \"><div class=\"row-bg-wrap\"> <div class=\"row-bg\" ><\/div> <\/div><div class=\"row_col_wrap_12_inner col span_12  left\">\n\t<div  class=\"vc_col-sm-12 wpb_column column_container vc_column_container col child_column centered-text has-animation no-extra-padding inherit_tablet inherit_phone mobile-disable-entrance-animation\"   data-padding-pos=\"all\" data-has-bg-color=\"false\" data-bg-color=\"\" data-bg-opacity=\"1\" data-animation=\"fade-in-from-bottom\" data-delay=\"600\" >\n\t\t<div class=\"vc_column-inner\" >\n\t\t<div class=\"wpb_wrapper\">\n\t\t\t<div class=\"divider-wrap height_tablet_60px height_phone_50px\" data-alignment=\"default\"><div style=\"padding-top: 50px; padding-bottom: 50px;\"  class=\"divider-vertical nectar-bg-black\"><\/div><\/div>\n\t\t<\/div> \n\t<\/div>\n\t<\/div> \n<\/div><\/div>\n\t\t\t<\/div> \n\t\t<\/div>\n\t<\/div> \n<\/div><\/div>\n\t\t<div id=\"fws_69fbdd0329960\"  data-column-margin=\"default\" data-midnight=\"light\"  class=\"wpb_row vc_row-fluid vc_row full-width-section vc_row-o-equal-height vc_row-flex vc_row-o-content-top  top_padding_phone_0px bottom_padding_phone_0px right_padding_phone_0px left_padding_phone_0px\"  style=\"padding-top: 60px; padding-bottom: 80px; \"><div class=\"row-bg-wrap\" data-bg-animation=\"none\" data-bg-overlay=\"false\"><div class=\"inner-wrap\"><div class=\"row-bg viewport-desktop\"  style=\"\"><\/div><\/div><\/div><div class=\"row_col_wrap_12 col span_12 light left\">\n\t<div style=\" color: #ffffff;\" class=\"vc_col-sm-6 wpb_column column_container vc_column_container col has-animation padding-6-percent inherit_tablet padding-2-percent_phone\" data-cfc=\"true\" data-using-bg=\"true\" data-padding-pos=\"all\" data-has-bg-color=\"true\" data-bg-color=\"#f4f4f4\" data-bg-opacity=\"1\" data-animation=\"flip-in-vertical\" data-delay=\"0\" >\n\t\t<div class=\"vc_column-inner\" ><div class=\"column-bg-overlay-wrap column-bg-layer\" data-bg-animation=\"none\"><div class=\"column-bg-overlay\" style=\"opacity: 1; background-color: #f4f4f4;\"><\/div><\/div>\n\t\t\t<div class=\"wpb_wrapper\">\n\t\t\t\t<h2 style=\"font-size: 44px;color: #0a0a0a;line-height: 50px;text-align: left\" class=\"vc_custom_heading\" >Informaci\u00f3<\/h2>\n<div class=\"wpb_text_column wpb_content_element  vc_custom_1656624025048\" >\n\t<div class=\"wpb_wrapper\">\n\t\t<p><span style=\"color: #000000;\">Es pot posar en contacte amb nosaltres sempre que vulgui; pot fer-nos qualsevol suggeriment o sol\u00b7licitar qualsevol tipus d'informaci\u00f3. Estarem disponibles per tel\u00e8fon o b\u00e9 per correu electr\u00f2nic:<\/span><\/p>\n\t<\/div>\n<\/div>\n\n\n\n<div class=\"iwithtext\"><div class=\"iwt-icon\"> <i class=\"icon-default-style linecon-icon-phone accent-color\"><\/i> <\/div><div class=\"iwt-text\"> \n<h4 style=\"color: #000000;\">Tel\u00e8fons<\/h4>\n<p><span style=\"color: #000000;\">El Chiringuito:\u00a0<a href=\"tel: 34936320016\">+34 93 632 00 16<\/a><br \/>\n<\/span><br \/>\n<span style=\"color: #000000;\">La C\u00fapula: <a href=\"tel: 34936320015\">+34 93 632 00 15<\/a><\/span> <\/div><div class=\"clear\"><\/div><\/div><div class=\"iwithtext\"><div class=\"iwt-icon\"> <i class=\"icon-default-style linecon-icon-mail accent-color\"><\/i> <\/div><div class=\"iwt-text\"> \n<h4><span style=\"color: #000000;\">Email<\/span><\/h4>\n<p><a href=\"mailto:info@elchiringuitodegarraf.com\">info@chiringuitodegarraf.com<\/a> <\/div><div class=\"clear\"><\/div><\/div><div class=\"iwithtext\"><div class=\"iwt-icon\"> <i class=\"icon-default-style linecon-icon-location accent-color\"><\/i> <\/div><div class=\"iwt-text\"> \n<h4 style=\"color: #000000;\">Adre\u00e7a<\/h4>\n<div style=\"color: #000000;\">Chiringuito de Garraf<\/div>\n<div style=\"color: #000000;\">Avenida Llorach, 5<\/div>\n<div style=\"color: #000000;\">08871 Garraf<\/div>\n<div style=\"color: #000000;\">Estem a 20 minuts de Barcelona<\/div>\n <\/div><div class=\"clear\"><\/div><\/div>\n\t\t\t<\/div> \n\t\t<\/div>\n\t<\/div> \n\n\t<div style=\"\" class=\"vc_col-sm-6 wpb_column column_container vc_column_container col has-animation padding-6-percent inherit_tablet padding-2-percent_phone\" data-using-bg=\"true\" data-shadow=\"x_large_depth\" data-padding-pos=\"all\" data-has-bg-color=\"true\" data-bg-color=\"#ffffff\" data-bg-opacity=\"1\" data-animation=\"flip-in-vertical\" data-delay=\"200\" >\n\t\t<div class=\"vc_column-inner\" ><div class=\"column-bg-overlay-wrap column-bg-layer\" data-bg-animation=\"none\"><div class=\"column-bg-overlay\" style=\"opacity: 1; background-color: #ffffff;\"><\/div><\/div>\n\t\t\t<div class=\"wpb_wrapper\">\n\t\t\t\t<h2 style=\"font-size: 44px;color: #0a0000;line-height: 50px;text-align: left\" class=\"vc_custom_heading\" >Reserves<\/h2>\n<div class=\"wpb_text_column wpb_content_element  vc_custom_1656624462310\" >\n\t<div class=\"wpb_wrapper\">\n\t\t<p><span style=\"color: #000000;\">Podeu fer la vostra reserva amb confirmaci\u00f3 immediata mitjan\u00e7ant el formulari que es mostra a continuaci\u00f3.<\/span><\/p>\n<p><span style=\"color: #000000;\">Les reserves es poden fer amb 15 dies d'antelaci\u00f3 sobre la data actual.<\/span><\/p>\n\t<\/div>\n<\/div>\n\n\n\n\n\t<div class=\"wpb_raw_code wpb_content_element wpb_raw_html\" >\n\t\t<div class=\"wpb_wrapper\">\n\t\t\t<script type=\"text\/javascript\" src=\"https:\/\/www.covermanager.com\/js\/iframeResizer.min.js\"><\/script><script type=\"text\/javascript\" src=\"https:\/\/www.covermanager.com\/reservation\/gtmcrossdomain\/restaurante-chigarraf\"><\/script><iframe loading=\"lazy\" id=\"restaurante-chigarraf\" title=\"Reserves\" src=\"https:\/\/www.covermanager.com\/reservation\/module_restaurant\/restaurante-chigarraf\/catalan\" width=\"100%\" height=\"550\" frameborder=\"0\"><\/iframe>\n\t\t<\/div>\n\t<\/div>\n\n\t\t\t<\/div> \n\t\t<\/div>\n\t<\/div> \n<\/div><\/div>\n\t\t<div id=\"fws_69fbdd032aa38\"  data-column-margin=\"default\" data-midnight=\"dark\" data-top-percent=\"6%\" data-bottom-percent=\"6%\"  class=\"wpb_row vc_row-fluid vc_row full-width-content vc_row-o-equal-height vc_row-flex vc_row-o-content-top  right_padding_8pct left_padding_8pct top_padding_tablet_12pct bottom_padding_tablet_12pct\"  style=\"padding-top: calc(100vw * 0.06); padding-bottom: calc(100vw * 0.06); \"><div class=\"row-bg-wrap\" data-bg-animation=\"none\" data-bg-overlay=\"false\"><div class=\"inner-wrap\"><div class=\"row-bg viewport-desktop using-bg-color\"  style=\"background-color: #03a9f4; \"><\/div><\/div><\/div><div class=\"nectar-shape-divider-wrap\" style=\" height:1px;\"  data-height=\"1\" data-front=\"\" data-style=\"straight_section\" data-position=\"top\" ><svg class=\"nectar-shape-divider\" aria-hidden=\"true\" fill=\"rgba(0,0,0,0.1)\" xmlns=\"http:\/\/www.w3.org\/2000\/svg\" viewbox=\"0 0 100 10\" preserveaspectratio=\"none\"> <polygon points=\"104 10, 104 0, 0 0, 0 10\"><\/polygon> <\/svg><\/div><div class=\"nectar-shape-divider-wrap\" style=\" height:1px;\"  data-height=\"1\" data-front=\"\" data-style=\"straight_section\" data-position=\"bottom\" ><svg class=\"nectar-shape-divider\" aria-hidden=\"true\" fill=\"rgba(0,0,0,0.1)\" xmlns=\"http:\/\/www.w3.org\/2000\/svg\" viewbox=\"0 0 100 10\" preserveaspectratio=\"none\"> <polygon points=\"104 10, 104 0, 0 0, 0 10\"><\/polygon> <\/svg><\/div><div class=\"row_col_wrap_12 col span_12 dark left\">\n\t<div  class=\"vc_col-sm-6 wpb_column column_container vc_column_container col force-phone-text-align-center no-extra-padding force-phone-text-align-center inherit_tablet inherit_phone border_style_solid\"  data-padding-pos=\"all\" data-has-bg-color=\"false\" data-bg-color=\"\" data-bg-opacity=\"1\" data-animation=\"\" data-delay=\"0\" >\n\t\t<div class=\"vc_column-inner\" >\n\t\t\t<div class=\"wpb_wrapper\">\n\t\t\t\t<div id=\"fws_69fbdd032ad43\" data-midnight=\"\" data-column-margin=\"default\" class=\"wpb_row vc_row-fluid vc_row inner_row  right_padding_40pct bottom_padding_tablet_10pct right_padding_phone_10pct left_padding_phone_10pct\"  style=\"\"><div class=\"row-bg-wrap\"> <div class=\"row-bg\" ><\/div> <\/div><div class=\"row_col_wrap_12_inner col span_12  left\">\n\t<div  class=\"vc_col-sm-12 wpb_column column_container vc_column_container col child_column no-extra-padding el_spacing_10px inherit_tablet inherit_phone\"   data-padding-pos=\"all\" data-has-bg-color=\"false\" data-bg-color=\"\" data-bg-opacity=\"1\" data-animation=\"\" data-delay=\"0\" >\n\t\t<div class=\"vc_column-inner\" >\n\t\t<div class=\"wpb_wrapper\">\n\t\t\t\n<div class=\"wpb_text_column wpb_content_element\" >\n\t<div class=\"wpb_wrapper\">\n\t\t<h4><span style=\"color: #ffffff;\">Horari<\/span><\/h4>\n<p><span style=\"color: #ffffff;\"><strong>Obert cada dia de la setmana<\/strong><\/span><br \/>\n<span style=\"color: #ffffff;\">11:00H a 00:00H horario continuo<\/span><\/p>\n\t<\/div>\n<\/div>\n\n\n\n\n<div class=\"wpb_text_column wpb_content_element\" >\n\t<div class=\"wpb_wrapper\">\n\t\t<h4><span style=\"color: #ffffff;\">Reserves<\/span><\/h4>\n\t<\/div>\n<\/div>\n\n\n\n<div class=\"nectar-split-heading  font_size_tablet_16px font_line_height_1-6\" data-align=\"default\" data-m-align=\"inherit\" data-text-effect=\"none\" data-animation-type=\"line-reveal-by-space\" data-animation-delay=\"0\" data-animation-offset=\"\" data-m-rm-animation=\"\" data-stagger=\"\" data-custom-font-size=\"true\" style=\"font-size: 1.05vw; line-height: 1.155vw;\"><p style=\" color: #ffffff;\">Podeu fer la vostra reserva amb confirmaci\u00f3 immediata amb el seg\u00fcent bot\u00f3.<\/p><\/div><div class=\"nectar-cta  alignment_tablet_default alignment_phone_default display_tablet_inherit display_phone_inherit\" data-color=\"white\" data-using-bg=\"true\" data-style=\"text-reveal-wave\" data-display=\"block\" data-alignment=\"left\" data-text-color=\"custom\" style=\"margin-top: 35px; \"><h5 style=\"color: #000000;\"><span class=\"link_wrap\" style=\"padding-top: 15px; padding-right: 35px; padding-bottom: 15px; padding-left: 35px;\"><a  class=\"link_text\" href=\"\/ca\/contacte\"><span class=\"text\"><span class=\"char\">R<\/span><span class=\"char\">e<\/span><span class=\"char\">s<\/span><span class=\"char\">e<\/span><span class=\"char\">r<\/span><span class=\"char\">v<\/span><span class=\"char\">a<\/span><span class=\"char\">r<\/span><\/span><\/a><\/span><\/h5><\/div>\n\t\t<\/div> \n\t<\/div>\n\t<\/div> \n<\/div><\/div>\n\t\t\t<\/div> \n\t\t<\/div>\n\t<\/div> \n\n\t<div  class=\"vc_col-sm-6 wpb_column column_container vc_column_container col force-phone-text-align-center no-extra-padding force-phone-text-align-center inherit_tablet inherit_phone\"  data-padding-pos=\"all\" data-has-bg-color=\"false\" data-bg-color=\"\" data-bg-opacity=\"1\" data-animation=\"\" data-delay=\"0\" >\n\t\t<div class=\"vc_column-inner\" >\n\t\t\t<div class=\"wpb_wrapper\">\n\t\t\t\t<div id=\"fws_69fbdd032ba88\" data-midnight=\"\" data-column-margin=\"50px\" class=\"wpb_row vc_row-fluid vc_row inner_row\"  style=\"\"><div class=\"row-bg-wrap\"> <div class=\"row-bg\" ><\/div> <\/div><div class=\"row_col_wrap_12_inner col span_12  left\">\n\t<div  class=\"vc_col-sm-6 wpb_column column_container vc_column_container col child_column padding-5-percent el_spacing_0px bottom_margin_phone_40px no-extra-padding_tablet no-extra-padding_phone\"    data-t-w-inherits=\"small_desktop\" data-padding-pos=\"left\" data-has-bg-color=\"false\" data-bg-color=\"\" data-bg-opacity=\"1\" data-animation=\"\" data-delay=\"0\" >\n\t\t<div class=\"vc_column-inner\" >\n\t\t<div class=\"wpb_wrapper\">\n\t\t\t\n<div class=\"wpb_text_column wpb_content_element  vc_custom_1680356711067\" >\n\t<div class=\"wpb_wrapper\">\n\t\t<h4><span style=\"color: #ffffff;\">Adre\u00e7a<\/span><\/h4>\n\t<\/div>\n<\/div>\n\n\n\n<div class=\"nectar-split-heading  font_size_tablet_16px font_line_height_1-6\" data-align=\"default\" data-m-align=\"inherit\" data-text-effect=\"none\" data-animation-type=\"line-reveal-by-space\" data-animation-delay=\"0\" data-animation-offset=\"\" data-m-rm-animation=\"\" data-stagger=\"\" data-custom-font-size=\"true\" style=\"font-size: 0.9vw; line-height: 0.99vw;\"><p style=\" color: #ffffff;\">Avenida Llorach, 5<\/p><\/div><div class=\"nectar-split-heading  font_size_tablet_16px font_line_height_1-6\" data-align=\"default\" data-m-align=\"inherit\" data-text-effect=\"none\" data-animation-type=\"line-reveal-by-space\" data-animation-delay=\"0\" data-animation-offset=\"\" data-m-rm-animation=\"\" data-stagger=\"\" data-custom-font-size=\"true\" style=\"font-size: 0.9vw; line-height: 0.99vw;\"><p style=\" color: #ffffff;\">08871, Garraf<\/p><\/div><div class=\"nectar-split-heading  font_size_tablet_16px font_line_height_1-6\" data-align=\"default\" data-m-align=\"inherit\" data-text-effect=\"none\" data-animation-type=\"line-reveal-by-space\" data-animation-delay=\"0\" data-animation-offset=\"\" data-m-rm-animation=\"\" data-stagger=\"\" data-custom-font-size=\"true\" style=\"font-size: 0.9vw; line-height: 0.99vw;\"><p style=\" color: #ffffff;\">Estem a 20 minuts de Barcelona<\/p><\/div>\n<div class=\"wpb_text_column wpb_content_element  vc_custom_1680356776254\" >\n\t<div class=\"wpb_wrapper\">\n\t\t<h4><span style=\"color: #ffffff;\">Contacte<\/span><\/h4>\n\t<\/div>\n<\/div>\n\n\n\n<a href=\"mailto:info@chiringuitodegarraf.com\" target=\"_self\" data-nectar-link-indicator=\"\" data-indicator-bg=\"#000\" data-indicator-icon=\"#fff\"><div class=\"nectar-split-heading  font_size_tablet_16px font_line_height_1-5\" data-align=\"default\" data-m-align=\"inherit\" data-text-effect=\"none\" data-animation-type=\"line-reveal-by-space\" data-animation-delay=\"0\" data-animation-offset=\"\" data-m-rm-animation=\"\" data-stagger=\"\" data-custom-font-size=\"true\" style=\"font-size: 1.05vw; line-height: 1.155vw;\"><p style=\" color: #ffffff;\">info@elchiringuitodegarraf.com<\/p><\/div><\/a><a href=\"tel: 34936320015\" target=\"_self\" data-nectar-link-indicator=\"\" data-indicator-bg=\"#000\" data-indicator-icon=\"#fff\"><div class=\"nectar-split-heading  font_size_tablet_16px font_line_height_1-5\" data-align=\"default\" data-m-align=\"inherit\" data-text-effect=\"none\" data-animation-type=\"line-reveal-by-space\" data-animation-delay=\"0\" data-animation-offset=\"\" data-m-rm-animation=\"\" data-stagger=\"\" data-custom-font-size=\"true\" style=\"font-size: 1.05vw; line-height: 1.155vw;\"><p style=\" color: #ffffff;\">+34 93 632 00 16<\/p><\/div><\/a>\n\t\t<\/div> \n\t<\/div>\n\t<\/div> \n\n\t<div  class=\"vc_col-sm-6 wpb_column column_container vc_column_container col child_column no-extra-padding el_spacing_0px bottom_margin_tablet_0px bottom_margin_phone_0px inherit_tablet inherit_phone\"    data-t-w-inherits=\"small_desktop\" data-padding-pos=\"all\" data-has-bg-color=\"false\" data-bg-color=\"\" data-bg-opacity=\"1\" data-animation=\"\" data-delay=\"0\" >\n\t\t<div class=\"vc_column-inner\" >\n\t\t<div class=\"wpb_wrapper\">\n\t\t\t\n<div class=\"wpb_text_column wpb_content_element  vc_custom_1680356818518\" >\n\t<div class=\"wpb_wrapper\">\n\t\t<h4><span style=\"color: #ffffff;\">Legal<\/span><\/h4>\n\t<\/div>\n<\/div>\n\n\n\n<div class=\"nectar-cta  alignment_tablet_center alignment_phone_default display_tablet_inherit display_phone_inherit\" data-color=\"default\" data-using-bg=\"false\" data-display=\"block\" data-style=\"underline\" data-alignment=\"left\" data-text-color=\"custom\" ><p style=\"color: #ffffff;\"> <span class=\"text\"> <\/span><span class=\"link_wrap\" ><a  class=\"link_text\" style=\"border-color: #ffffff;\" href=\"https:\/\/chiringuitodegarraf.com\/ca\/politica-de-privacidad\/\">Pol\u00edtica de privacitat<\/a><\/span><\/p><\/div><div class=\"nectar-cta  alignment_tablet_center alignment_phone_default display_tablet_inherit display_phone_inherit\" data-color=\"default\" data-using-bg=\"false\" data-display=\"block\" data-style=\"underline\" data-alignment=\"left\" data-text-color=\"custom\" ><p style=\"color: #ffffff;\"> <span class=\"text\"> <\/span><span class=\"link_wrap\" ><a  class=\"link_text\" style=\"border-color: #ffffff;\" href=\"https:\/\/chiringuitodegarraf.com\/ca\/aviso-legal\/\">Av\u00eds legal<\/a><\/span><\/p><\/div>\n\t\t<\/div> \n\t<\/div>\n\t<\/div> \n<\/div><\/div>\n\t\t\t<\/div> \n\t\t<\/div>\n\t<\/div> \n<\/div><\/div>","protected":false},"excerpt":{"rendered":"CONTACTE Informaci\u00f3n Se puede poner\u00a0en contacto con nosotros siempre que quiera; puede hacernos cualquier sugerencia...","protected":false},"author":1,"featured_media":0,"parent":0,"menu_order":0,"comment_status":"closed","ping_status":"closed","template":"","meta":{"footnotes":""},"class_list":["post-1001","page","type-page","status-publish"],"yoast_head":"<!-- This site is optimized with the Yoast SEO plugin v21.5 - https:\/\/yoast.com\/wordpress\/plugins\/seo\/ -->\n<title>Contacto - El Chiringuito de Garraf<\/title>\n<meta name=\"robots\" content=\"index, follow, max-snippet:-1, max-image-preview:large, max-video-preview:-1\" \/>\n<link rel=\"canonical\" href=\"https:\/\/chiringuitodegarraf.com\/ca\/contacte\/\" \/>\n<meta property=\"og:locale\" content=\"ca_ES\" \/>\n<meta property=\"og:type\" content=\"article\" \/>\n<meta property=\"og:title\" content=\"Contacto - El Chiringuito de Garraf\" \/>\n<meta property=\"og:url\" content=\"https:\/\/chiringuitodegarraf.com\/ca\/contacte\/\" \/>\n<meta property=\"og:site_name\" content=\"El Chiringuito de Garraf\" \/>\n<meta property=\"article:modified_time\" content=\"2024-06-04T15:47:31+00:00\" \/>\n<meta name=\"twitter:card\" content=\"summary_large_image\" \/>\n<script type=\"application\/ld+json\" class=\"yoast-schema-graph\">{\"@context\":\"https:\/\/schema.org\",\"@graph\":[{\"@type\":\"WebPage\",\"@id\":\"https:\/\/chiringuitodegarraf.com\/contacto\/\",\"url\":\"https:\/\/chiringuitodegarraf.com\/contacto\/\",\"name\":\"Contacto - El Chiringuito de Garraf\",\"isPartOf\":{\"@id\":\"https:\/\/chiringuitodegarraf.com\/#website\"},\"datePublished\":\"2022-06-29T20:34:05+00:00\",\"dateModified\":\"2024-06-04T15:47:31+00:00\",\"inLanguage\":\"ca\",\"potentialAction\":[{\"@type\":\"ReadAction\",\"target\":[\"https:\/\/chiringuitodegarraf.com\/contacto\/\"]}]},{\"@type\":\"WebSite\",\"@id\":\"https:\/\/chiringuitodegarraf.com\/#website\",\"url\":\"https:\/\/chiringuitodegarraf.com\/\",\"name\":\"El Chiringuito de Garraf\",\"description\":\"| Un espacio singular frente al mar\",\"potentialAction\":[{\"@type\":\"SearchAction\",\"target\":{\"@type\":\"EntryPoint\",\"urlTemplate\":\"https:\/\/chiringuitodegarraf.com\/?s={search_term_string}\"},\"query-input\":\"required name=search_term_string\"}],\"inLanguage\":\"ca\"}]}<\/script>\n<!-- \/ Yoast SEO plugin. -->","yoast_head_json":{"title":"Contacto - El Chiringuito de Garraf","robots":{"index":"index","follow":"follow","max-snippet":"max-snippet:-1","max-image-preview":"max-image-preview:large","max-video-preview":"max-video-preview:-1"},"canonical":"https:\/\/chiringuitodegarraf.com\/ca\/contacte\/","og_locale":"ca_ES","og_type":"article","og_title":"Contacto - El Chiringuito de Garraf","og_url":"https:\/\/chiringuitodegarraf.com\/ca\/contacte\/","og_site_name":"El Chiringuito de Garraf","article_modified_time":"2024-06-04T15:47:31+00:00","twitter_card":"summary_large_image","schema":{"@context":"https:\/\/schema.org","@graph":[{"@type":"WebPage","@id":"https:\/\/chiringuitodegarraf.com\/contacto\/","url":"https:\/\/chiringuitodegarraf.com\/contacto\/","name":"Contacto - El Chiringuito de Garraf","isPartOf":{"@id":"https:\/\/chiringuitodegarraf.com\/#website"},"datePublished":"2022-06-29T20:34:05+00:00","dateModified":"2024-06-04T15:47:31+00:00","inLanguage":"ca","potentialAction":[{"@type":"ReadAction","target":["https:\/\/chiringuitodegarraf.com\/contacto\/"]}]},{"@type":"WebSite","@id":"https:\/\/chiringuitodegarraf.com\/#website","url":"https:\/\/chiringuitodegarraf.com\/","name":"El Chiringuito de Garraf","description":"| Un espacio singular frente al mar","potentialAction":[{"@type":"SearchAction","target":{"@type":"EntryPoint","urlTemplate":"https:\/\/chiringuitodegarraf.com\/?s={search_term_string}"},"query-input":"required name=search_term_string"}],"inLanguage":"ca"}]}},"_links":{"self":[{"href":"https:\/\/chiringuitodegarraf.com\/ca\/wp-json\/wp\/v2\/pages\/1001","targetHints":{"allow":["GET"]}}],"collection":[{"href":"https:\/\/chiringuitodegarraf.com\/ca\/wp-json\/wp\/v2\/pages"}],"about":[{"href":"https:\/\/chiringuitodegarraf.com\/ca\/wp-json\/wp\/v2\/types\/page"}],"author":[{"embeddable":true,"href":"https:\/\/chiringuitodegarraf.com\/ca\/wp-json\/wp\/v2\/users\/1"}],"replies":[{"embeddable":true,"href":"https:\/\/chiringuitodegarraf.com\/ca\/wp-json\/wp\/v2\/comments?post=1001"}],"version-history":[{"count":22,"href":"https:\/\/chiringuitodegarraf.com\/ca\/wp-json\/wp\/v2\/pages\/1001\/revisions"}],"predecessor-version":[{"id":1325,"href":"https:\/\/chiringuitodegarraf.com\/ca\/wp-json\/wp\/v2\/pages\/1001\/revisions\/1325"}],"wp:attachment":[{"href":"https:\/\/chiringuitodegarraf.com\/ca\/wp-json\/wp\/v2\/media?parent=1001"}],"curies":[{"name":"wp","href":"https:\/\/api.w.org\/{rel}","templated":true}]}}